{"id":10,"date":"2026-02-20T12:11:29","date_gmt":"2026-02-20T12:11:29","guid":{"rendered":"https:\/\/ascendcreditfinancial.com\/?page_id=10"},"modified":"2026-02-21T02:20:21","modified_gmt":"2026-02-21T02:20:21","slug":"inicio","status":"publish","type":"page","link":"https:\/\/ascendcreditfinancial.com\/","title":{"rendered":"Inicio"},"content":{"rendered":"\n<section class=\"gb-element-366ccc31 alignfull\">\n<div class=\"wrapper\">\n<div class=\"gb-element-aa6fd41e flow\">\n<span class=\"gb-text gb-text-646ef288 hero-subheader\">CRECIMIENTO Y ESTRUCTURA<\/span>\n\n\n\n<h1 class=\"gb-text gb-text-1c817f2a\">Coaching Financiero y Soporte Empresarial para Emprendedores<\/h1>\n\n\n\n<p class=\"gb-text gb-text-955f408e\">Ayudamos a personas y due\u00f1os de negocios a construir bases financieras s\u00f3lidas a trav\u00e9s de la educaci\u00f3n, la organizaci\u00f3n y servicios financieros en estricto cumplimiento normativo.<\/p>\n\n\n\n<div class=\"gb-element-b93dfea5\">\n<a class=\"gb-text gb-text-32f42c4b\">SOLICITAR CONSULTA<\/a>\n\n\n\n<a class=\"gb-text gb-text-28459b8d\">VER SERVICIOS<\/a>\n<\/div>\n<\/div>\n<\/div>\n<\/section>\n\n\n\n<section class=\"gb-element-d3639a5d\">\n<div class=\"wrapper\">\n<div class=\"gb-element-b11d534e\">\n<div class=\"flow\">\n<p class=\"gb-text gb-text-c52ad415 section-subheader\">SOBRE NOSOTROS<\/p>\n\n\n\n<h2 class=\"gb-text\">Educaci\u00f3n Financiera y Cumplimiento Normativo<\/h2>\n\n\n\n<p class=\"gb-text\">En <strong>Ascend Credit Financial<\/strong>, nos alejamos de las promesas vac\u00edas y las soluciones r\u00e1pidas. Nos especializamos en un enfoque educativo y organizacional.<\/p>\n\n\n\n<p>Nuestro objetivo es brindar claridad en un sistema financiero complejo, ayudando a nuestros clientes a entender sus derechos, organizar sus finanzas y cumplir con sus obligaciones fiscales y crediticias con total transparencia.<\/p>\n\n\n\n<ul class=\"wp-block-list\">\n<li>Enfoque 100% educativo y preventivo.<\/li>\n\n\n\n<li>Estrategias personalizadas para cada situaci\u00f3n.<\/li>\n\n\n\n<li>Cumplimiento estricto con regulaciones vigentes.<\/li>\n<\/ul>\n<\/div>\n\n\n\n<div class=\"gb-element-2cfd33cf flow\">\n<span class=\"gb-shape gb-shape-56e41ade\"><svg xmlns=\"http:\/\/www.w3.org\/2000\/svg\" width=\"1em\" height=\"1em\" viewBox=\"0 0 24 24\"><path fill=\"currentColor\" d=\"M12 3c-1.27 0-2.4.8-2.82 2H3v2h1.95L2 14c-.47 2 1 3 3.5 3s4.06-1 3.5-3L6.05 7h3.12c.33.85.98 1.5 1.83 1.83V20H2v2h20v-2h-9V8.82c.85-.32 1.5-.97 1.82-1.82h3.13L15 14c-.47 2 1 3 3.5 3s4.06-1 3.5-3l-2.95-7H21V5h-6.17C14.4 3.8 13.27 3 12 3m0 2a1 1 0 0 1 1 1a1 1 0 0 1-1 1a1 1 0 0 1-1-1a1 1 0 0 1 1-1m-6.5 5.25L7 14H4zm13 0L20 14h-3z\"><\/path><\/svg><\/span>\n\n\n\n<h2 class=\"gb-text\">Integridad y Estructura<\/h2>\n\n\n\n<p class=\"gb-text\">Creemos que el \u00e9xito financiero no es producto del azar, sino del orden. Nuestro enfoque se centra en proporcionar las herramientas administrativas y el conocimiento necesario para que tomes el control de tu futuro.<\/p>\n<\/div>\n<\/div>\n<\/div>\n<\/section>\n\n\n\n<section class=\"gb-element-43fbc0cd alignfull\">\n<div class=\"wrapper\">\n<div>\n<p class=\"gb-text gb-text-e935539e section-subheader\">SERVICIOS INTEGRALES<\/p>\n\n\n\n<h2 class=\"gb-text gb-text-da0d1937\">Servicios Integrales<\/h2>\n\n\n\n<div class=\"gb-element-d7767954\">\n<div class=\"gb-element-3d5bd14c flow\">\n<span class=\"gb-shape gb-shape-ffd454db\"><svg xmlns=\"http:\/\/www.w3.org\/2000\/svg\" width=\"1em\" height=\"1em\" viewBox=\"0 0 24 24\"><path fill=\"currentColor\" d=\"M12 4a4 4 0 0 1 4 4a4 4 0 0 1-4 4a4 4 0 0 1-4-4a4 4 0 0 1 4-4m0 10c4.42 0 8 1.79 8 4v2H4v-2c0-2.21 3.58-4 8-4\"><\/path><\/svg><\/span>\n\n\n\n<h3 class=\"gb-text\">Servicios Personales<\/h3>\n\n\n\n<p class=\"gb-text\">Fortalece tu perfil fianciero personal con estrategias probadas.<\/p>\n\n\n\n<ul class=\"wp-block-list\">\n<li>Reparaci\u00f3n de Cr\u00e9dito.<\/li>\n\n\n\n<li>Asistencia en Cobranza de Deudas.<\/li>\n\n\n\n<li>Consultor\u00eda de Presupuesto.<\/li>\n<\/ul>\n<\/div>\n\n\n\n<div class=\"gb-element-bb9415f3 flow\">\n<span class=\"gb-shape gb-shape-625714eb\"><svg xmlns=\"http:\/\/www.w3.org\/2000\/svg\" width=\"1em\" height=\"1em\" viewBox=\"0 0 24 24\"><path fill=\"currentColor\" d=\"M10 16v-1H3v4c0 1.11.89 2 2 2h14c1.11 0 2-.89 2-2v-4h-7v1zm10-9h-4V5l-2-2h-4L8 5v2H4c-1.1 0-2 .9-2 2v3c0 1.11.89 2 2 2h6v-2h4v2h6c1.1 0 2-.9 2-2V9c0-1.1-.9-2-2-2m-6 0h-4V5h4z\"><\/path><\/svg><\/span>\n\n\n\n<h3 class=\"gb-text\">Soluciones Empresariales<\/h3>\n\n\n\n<p class=\"gb-text\">Soporte administrativo y financiero para el crecimiento de tu negocio<\/p>\n\n\n\n<ul class=\"wp-block-list\">\n<li>Cr\u00e9dito y Financiamiento Comercial.<\/li>\n\n\n\n<li>Impuestos.<\/li>\n\n\n\n<li>Tenedur\u00eda de Libros.<\/li>\n<\/ul>\n<\/div>\n<\/div>\n<\/div>\n<\/div>\n<\/section>\n\n\n\n<section class=\"gb-element-6ae48f76\">\n<div class=\"wrapper\">\n<div class=\"gb-element-a8bac71c\">\n<div>\n<p class=\"gb-text gb-text-3972aaa3 section-subheader\">HABLEMOS<\/p>\n\n\n\n<h2 class=\"gb-text\">Comienza tu Ascenso Financiero<\/h2>\n\n\n\n<p class=\"gb-text\">Completa el formulario para solicitar una consulta inicial. Analizaremos tu situaci\u00f3n y te propondremos un plan de acci\u00f3n claro.<\/p>\n\n\n\n<div class=\"flow\">\n<div class=\"gb-element-90743462\">\n<div>\n<span class=\"gb-shape gb-shape-e6807ea1\"><svg xmlns=\"http:\/\/www.w3.org\/2000\/svg\" width=\"1em\" height=\"1em\" viewBox=\"0 0 24 24\"><path fill=\"currentColor\" d=\"M22 6c0-1.1-.9-2-2-2H4c-1.1 0-2 .9-2 2v12c0 1.1.9 2 2 2h16c1.1 0 2-.9 2-2zm-2 0l-8 5l-8-5zm0 12H4V8l8 5l8-5z\"><\/path><\/svg><\/span>\n<\/div>\n\n\n\n<div>\n<h4 class=\"gb-text\">Email<\/h4>\n\n\n\n<p><a href=\"mailto:info@ascendcreditfinancial.com\">info@ascendcreditfinancial.com<\/a><\/p>\n<\/div>\n<\/div>\n\n\n\n<div class=\"gb-element-67230873\">\n<div>\n<span class=\"gb-shape gb-shape-5a65a7ef\"><svg xmlns=\"http:\/\/www.w3.org\/2000\/svg\" width=\"1em\" height=\"1em\" viewBox=\"0 0 24 24\"><path fill=\"currentColor\" d=\"M6.62 10.79c1.44 2.83 3.76 5.15 6.59 6.59l2.2-2.2c.28-.28.67-.36 1.02-.25c1.12.37 2.32.57 3.57.57a1 1 0 0 1 1 1V20a1 1 0 0 1-1 1A17 17 0 0 1 3 4a1 1 0 0 1 1-1h3.5a1 1 0 0 1 1 1c0 1.25.2 2.45.57 3.57c.11.35.03.74-.25 1.02z\"><\/path><\/svg><\/span>\n<\/div>\n\n\n\n<div>\n<h4 class=\"gb-text\">Tel\u00e9fono<\/h4>\n\n\n\n<p class=\"gb-text\"><a href=\"tel:19728492847\">+1 (972) 849-2847<\/a><\/p>\n<\/div>\n<\/div>\n\n\n\n<div class=\"gb-element-c748501e\">\n<div>\n<span class=\"gb-shape gb-shape-d0290904\"><svg xmlns=\"http:\/\/www.w3.org\/2000\/svg\" width=\"1em\" height=\"1em\" viewBox=\"0 0 24 24\"><path fill=\"currentColor\" d=\"M12 20a8 8 0 0 0 8-8a8 8 0 0 0-8-8a8 8 0 0 0-8 8a8 8 0 0 0 8 8m0-18a10 10 0 0 1 10 10a10 10 0 0 1-10 10C6.47 22 2 17.5 2 12A10 10 0 0 1 12 2m.5 5v5.25l4.5 2.67l-.75 1.23L11 13V7z\"><\/path><\/svg><\/span>\n<\/div>\n\n\n\n<div>\n<h4 class=\"gb-text\">Horario<\/h4>\n\n\n\n<p class=\"gb-text\">LUN &#8211; VIE: 9:00 am &#8211; 6:00 pm<\/p>\n<\/div>\n<\/div>\n<\/div>\n<\/div>\n\n\n\n<div>\n<img loading=\"lazy\" decoding=\"async\" width=\"1280\" height=\"853\" class=\"gb-media-771fc24e\" alt=\"\" title=\"pexels-n-voitkevich-6863260\" src=\"http:\/\/ascendcreditfinancial.com\/wp-content\/uploads\/2026\/02\/pexels-n-voitkevich-6863260.jpg\" srcset=\"https:\/\/ascendcreditfinancial.com\/wp-content\/uploads\/2026\/02\/pexels-n-voitkevich-6863260.jpg 1280w, https:\/\/ascendcreditfinancial.com\/wp-content\/uploads\/2026\/02\/pexels-n-voitkevich-6863260-300x200.jpg 300w, https:\/\/ascendcreditfinancial.com\/wp-content\/uploads\/2026\/02\/pexels-n-voitkevich-6863260-1024x682.jpg 1024w, https:\/\/ascendcreditfinancial.com\/wp-content\/uploads\/2026\/02\/pexels-n-voitkevich-6863260-768x512.jpg 768w\" sizes=\"auto, (max-width: 1280px) 100vw, 1280px\" \/>\n<\/div>\n<\/div>\n<\/div>\n<\/section>\n\n\n\n<p><\/p>\n","protected":false},"excerpt":{"rendered":"<p>CRECIMIENTO Y ESTRUCTURA Coaching Financiero y Soporte Empresarial para Emprendedores Ayudamos a personas y due\u00f1os de negocios a construir bases financieras s\u00f3lidas a trav\u00e9s de la educaci\u00f3n, la organizaci\u00f3n y servicios financieros en estricto cumplimiento normativo. SOLICITAR CONSULTA VER SERVICIOS SOBRE NOSOTROS Educaci\u00f3n Financiera y Cumplimiento Normativo En Ascend Credit Financial, nos alejamos de las [&hellip;]<\/p>\n","protected":false},"author":1,"featured_media":0,"parent":0,"menu_order":0,"comment_status":"closed","ping_status":"closed","template":"","meta":{"footnotes":""},"class_list":["post-10","page","type-page","status-publish","hentry"],"blocksy_meta":[],"_links":{"self":[{"href":"https:\/\/ascendcreditfinancial.com\/index.php?rest_route=\/wp\/v2\/pages\/10","targetHints":{"allow":["GET"]}}],"collection":[{"href":"https:\/\/ascendcreditfinancial.com\/index.php?rest_route=\/wp\/v2\/pages"}],"about":[{"href":"https:\/\/ascendcreditfinancial.com\/index.php?rest_route=\/wp\/v2\/types\/page"}],"author":[{"embeddable":true,"href":"https:\/\/ascendcreditfinancial.com\/index.php?rest_route=\/wp\/v2\/users\/1"}],"replies":[{"embeddable":true,"href":"https:\/\/ascendcreditfinancial.com\/index.php?rest_route=%2Fwp%2Fv2%2Fcomments&post=10"}],"version-history":[{"count":17,"href":"https:\/\/ascendcreditfinancial.com\/index.php?rest_route=\/wp\/v2\/pages\/10\/revisions"}],"predecessor-version":[{"id":65,"href":"https:\/\/ascendcreditfinancial.com\/index.php?rest_route=\/wp\/v2\/pages\/10\/revisions\/65"}],"wp:attachment":[{"href":"https:\/\/ascendcreditfinancial.com\/index.php?rest_route=%2Fwp%2Fv2%2Fmedia&parent=10"}],"curies":[{"name":"wp","href":"https:\/\/api.w.org\/{rel}","templated":true}]}}